{"id":142390,"date":"2026-03-03T16:45:06","date_gmt":"2026-03-03T15:45:06","guid":{"rendered":"https:\/\/mlin.es\/tienda\/producto\/cubierta-de-ventana-trasera-para-audi-a3-8l-hsb001\/"},"modified":"2026-03-03T16:45:06","modified_gmt":"2026-03-03T15:45:06","slug":"csr-hsb001","status":"publish","type":"product","link":"https:\/\/mlin.es\/tienda\/producto\/csr-hsb001\/","title":{"rendered":"CSR-HSB001"},"content":{"rendered":"<p><b>CSR-Automotive Heckscheibenblende f\u00fcr Audi A3 8L<\/b><UL><LI>Heckscheibenblende passend f\u00fcr Audi A3 8L Baujahr 1996-2003<LI>f\u00fcr Modell-\/Karosserievariante(n) Schr\u00e4gheck<LI>Mit gutachterlicher Stellungnahme und somit eintragungsfrei<LI>Inkl. Montagezubeh\u00f6r, sofern notwendig<LI>Inklusive Montageanleitung<LI>Heckscheibenblende ist aus hochwertigem Material ABS gefertigt<LI>Gleichm\u00e4\u00dfige Oberfl\u00e4chenstruktur erm\u00f6glicht eine Lackierung ohne gro\u00dfe Vorarbeiten (Produkt ist unlackiert)<LI>Material ist flexibel<\/UL><\/p>\n","protected":false},"excerpt":{"rendered":"<p>Spoiler \/ Heckblende mit gutachterlicher Stellungnahme &#8211; eintragungsfrei<\/p>\n","protected":false},"featured_media":142391,"comment_status":"closed","ping_status":"open","template":"","meta":[],"product_cat":[],"product_tag":[12841],"class_list":{"0":"post-142390","1":"product","2":"type-product","3":"status-publish","4":"has-post-thumbnail","6":"product_tag-csr","7":"product_shipping_class-csr","9":"first","10":"instock","11":"taxable","12":"shipping-taxable","13":"purchasable","14":"product-type-simple"},"_links":{"self":[{"href":"https:\/\/mlin.es\/tienda\/wp-json\/wp\/v2\/product\/142390","targetHints":{"allow":["GET"]}}],"collection":[{"href":"https:\/\/mlin.es\/tienda\/wp-json\/wp\/v2\/product"}],"about":[{"href":"https:\/\/mlin.es\/tienda\/wp-json\/wp\/v2\/types\/product"}],"replies":[{"embeddable":true,"href":"https:\/\/mlin.es\/tienda\/wp-json\/wp\/v2\/comments?post=142390"}],"wp:featuredmedia":[{"embeddable":true,"href":"https:\/\/mlin.es\/tienda\/wp-json\/wp\/v2\/media\/142391"}],"wp:attachment":[{"href":"https:\/\/mlin.es\/tienda\/wp-json\/wp\/v2\/media?parent=142390"}],"wp:term":[{"taxonomy":"product_cat","embeddable":true,"href":"https:\/\/mlin.es\/tienda\/wp-json\/wp\/v2\/product_cat?post=142390"},{"taxonomy":"product_tag","embeddable":true,"href":"https:\/\/mlin.es\/tienda\/wp-json\/wp\/v2\/product_tag?post=142390"}],"curies":[{"name":"wp","href":"https:\/\/api.w.org\/{rel}","templated":true}]}}