{"id":142334,"date":"2026-03-03T16:42:06","date_gmt":"2026-03-03T15:42:06","guid":{"rendered":"https:\/\/mlin.es\/tienda\/producto\/rejilla-delantera-del-radiador-para-audi-a3-8l-gl001\/"},"modified":"2026-03-03T16:42:07","modified_gmt":"2026-03-03T15:42:07","slug":"csr-gl001","status":"publish","type":"product","link":"https:\/\/mlin.es\/tienda\/producto\/csr-gl001\/","title":{"rendered":"CSR-GL001"},"content":{"rendered":"<p><b>CSR-Automotive K\u00fchlergrill \/ Frontgrill f\u00fcr Audi A3 8L<\/b><UL><LI>K\u00fchlergrill passend f\u00fcr Audi A3 8L Baujahr 1996-2003<LI>f\u00fcr Modell-\/Karosserievariante(n) Schr\u00e4gheck<LI>K\u00fchlergrill ist gepr\u00fcft und zugelassen \u2013 eintragungsfrei<LI>K\u00fchlergrill ist ohne Emblem<LI>K\u00fchlergrill ist aus hochwertigem Material ABS gefertigt<br \/>(Produkt ist schwarz und unlackiert)<LI>Material ist flexibel<LI>Durch die hervorragende Oberfl\u00e4chenstruktur wird eine einfache und kosteng\u00fcnstige Lackierung erm\u00f6glicht.<LI>Der K\u00fchlergrill muss nicht lackiert werden!<\/LI><\/UL><\/p>\n","protected":false},"excerpt":{"rendered":"<p>Grill ist ohne Emblem und eintragungsfrei<\/p>\n","protected":false},"featured_media":142335,"comment_status":"closed","ping_status":"open","template":"","meta":[],"product_cat":[],"product_tag":[12841],"class_list":{"0":"post-142334","1":"product","2":"type-product","3":"status-publish","4":"has-post-thumbnail","6":"product_tag-csr","7":"product_shipping_class-csr","9":"first","10":"instock","11":"taxable","12":"shipping-taxable","13":"purchasable","14":"product-type-simple"},"_links":{"self":[{"href":"https:\/\/mlin.es\/tienda\/wp-json\/wp\/v2\/product\/142334","targetHints":{"allow":["GET"]}}],"collection":[{"href":"https:\/\/mlin.es\/tienda\/wp-json\/wp\/v2\/product"}],"about":[{"href":"https:\/\/mlin.es\/tienda\/wp-json\/wp\/v2\/types\/product"}],"replies":[{"embeddable":true,"href":"https:\/\/mlin.es\/tienda\/wp-json\/wp\/v2\/comments?post=142334"}],"wp:featuredmedia":[{"embeddable":true,"href":"https:\/\/mlin.es\/tienda\/wp-json\/wp\/v2\/media\/142335"}],"wp:attachment":[{"href":"https:\/\/mlin.es\/tienda\/wp-json\/wp\/v2\/media?parent=142334"}],"wp:term":[{"taxonomy":"product_cat","embeddable":true,"href":"https:\/\/mlin.es\/tienda\/wp-json\/wp\/v2\/product_cat?post=142334"},{"taxonomy":"product_tag","embeddable":true,"href":"https:\/\/mlin.es\/tienda\/wp-json\/wp\/v2\/product_tag?post=142334"}],"curies":[{"name":"wp","href":"https:\/\/api.w.org\/{rel}","templated":true}]}}