{"id":142322,"date":"2026-03-03T16:41:25","date_gmt":"2026-03-03T15:41:25","guid":{"rendered":"https:\/\/mlin.es\/tienda\/producto\/rejilla-delantera-del-radiador-para-audi-a3-8p-gl028\/"},"modified":"2026-03-03T16:41:25","modified_gmt":"2026-03-03T15:41:25","slug":"csr-gl028","status":"publish","type":"product","link":"https:\/\/mlin.es\/tienda\/producto\/csr-gl028\/","title":{"rendered":"CSR-GL028"},"content":{"rendered":"<p><b>CSR-Automotive Single Frame K\u00fchlergrill \/ Frontgrill f\u00fcr Audi A3 8P<\/b><UL><LI>K\u00fchlergrill passend f\u00fcr Audi A3 8P Baujahr 2005-2008<LI>f\u00fcr Modell-\/Karosserievariante(n) Schr\u00e4gheck<LI>K\u00fchlergrill ist ohne Emblem<LI>K\u00fchlergrill passend f\u00fcr die CSR Single Frame Frontsto\u00dfstangen: <br \/>FSK104, FSK106, FSK107, FSK113, FSK114, FSK115, FSK116, FSK118, FSK122, <br \/>FSK129, FSK134, FSK136, FSK135, FSK137, FSK138, FSK142, FSK209, FSK209<LI>K\u00fchlergrill ist aus dem innovativen und hochwertigen Material <b>Fiberflex<\/b> gefertigt. Die Vorteile dieses neuartigen Verbundwerkstoffes: Extrem hohe Flexibilit\u00e4t bei gleichzeitig gro\u00dfer Stabilit\u00e4t, Splitterfestigkeit, und Nichtentflammbarkeit. Eine sehr hohe Fertigungsqualit\u00e4t und das geringe Gewicht erlauben sogar einen Einsatz im Profirennsport. Die charakteristische schwarze Oberfl\u00e4che zeichnet sich durch gute Bearbeitungsm\u00f6glichkeiten aus und garantiert professionelle Ergebnisse. Produkte aus Fiberflex von CSR-Automotive eignen sich dank bester Schneid- und Klebeeigenschaften in hervorragender Weise f\u00fcr Reparatur- und weitere Umbauarbeiten.<br \/><LI>K\u00fchlergrill muss lackiert werden!<LI>Material ist flexibel<LI>Chromrahmen ist im Lieferumfang nicht enthalten Dieser kann mit der ET-Nr. 8P48077152ZZ bei Audi bezogen werden.<br \/><\/UL><\/p>\n","protected":false},"excerpt":{"rendered":"<p>Single Frame Grill ist ohne Emblem &#8211; eintragungsfrei<\/p>\n","protected":false},"featured_media":142323,"comment_status":"closed","ping_status":"open","template":"","meta":[],"product_cat":[],"product_tag":[12841],"class_list":{"0":"post-142322","1":"product","2":"type-product","3":"status-publish","4":"has-post-thumbnail","6":"product_tag-csr","7":"product_shipping_class-csr","9":"first","10":"instock","11":"taxable","12":"shipping-taxable","13":"purchasable","14":"product-type-simple"},"_links":{"self":[{"href":"https:\/\/mlin.es\/tienda\/wp-json\/wp\/v2\/product\/142322","targetHints":{"allow":["GET"]}}],"collection":[{"href":"https:\/\/mlin.es\/tienda\/wp-json\/wp\/v2\/product"}],"about":[{"href":"https:\/\/mlin.es\/tienda\/wp-json\/wp\/v2\/types\/product"}],"replies":[{"embeddable":true,"href":"https:\/\/mlin.es\/tienda\/wp-json\/wp\/v2\/comments?post=142322"}],"wp:featuredmedia":[{"embeddable":true,"href":"https:\/\/mlin.es\/tienda\/wp-json\/wp\/v2\/media\/142323"}],"wp:attachment":[{"href":"https:\/\/mlin.es\/tienda\/wp-json\/wp\/v2\/media?parent=142322"}],"wp:term":[{"taxonomy":"product_cat","embeddable":true,"href":"https:\/\/mlin.es\/tienda\/wp-json\/wp\/v2\/product_cat?post=142322"},{"taxonomy":"product_tag","embeddable":true,"href":"https:\/\/mlin.es\/tienda\/wp-json\/wp\/v2\/product_tag?post=142322"}],"curies":[{"name":"wp","href":"https:\/\/api.w.org\/{rel}","templated":true}]}}