{"id":142240,"date":"2026-03-03T16:37:53","date_gmt":"2026-03-03T15:37:53","guid":{"rendered":"https:\/\/mlin.es\/tienda\/producto\/parachoques-delantero-para-opel-kadett-e-fsk136\/"},"modified":"2026-03-03T16:37:53","modified_gmt":"2026-03-03T15:37:53","slug":"csr-fsk136","status":"publish","type":"product","link":"https:\/\/mlin.es\/tienda\/producto\/csr-fsk136\/","title":{"rendered":"CSR-FSK136"},"content":{"rendered":"<p><b>CSR-Automotive Frontsto\u00dfstange \/ Frontspoiler f\u00fcr Opel Kadett E<\/b><UL><LI>Frontsto\u00dfstange passend f\u00fcr Opel Kadett E Baujahr 1984-1991<LI>f\u00fcr Modell-\/Karosserievariante(n) Limousine \/ Schr\u00e4gheck \/ Stufenheck \/ Kombi \/ Cabriolet<LI>Grill ist im Lieferumfang nicht enthalten. Es wird ein Audi A3 Single Frame Grill ben\u00f6tigt.<br \/><LI>Mit fahrzeugspezifischem Teilegutachten f\u00fcr eine Anbauabnahme nach \u00a719.3 StVZO<LI>Inkl. Streckgitter<\/LI><LI>Inkl. Montagezubeh\u00f6r, sofern notwendig<LI>Inklusive Montageanleitung<LI>Frontsto\u00dfstange ist aus hochwertigem Material GFK gefertigt<LI>Gleichm\u00e4\u00dfige Oberfl\u00e4chenstruktur erm\u00f6glicht eine Lackierung ohne gro\u00dfe Vorarbeiten (Produkt ist unlackiert)<LI>Material ist flexibel<\/UL><\/p>\n","protected":false},"excerpt":{"rendered":"<p>Frontsch\u00fcrze \/ Spoiler mit fahrzeugspezifischem Teilegutachten<\/p>\n","protected":false},"featured_media":142241,"comment_status":"closed","ping_status":"open","template":"","meta":[],"product_cat":[],"product_tag":[12841],"class_list":{"0":"post-142240","1":"product","2":"type-product","3":"status-publish","4":"has-post-thumbnail","6":"product_tag-csr","7":"product_shipping_class-csr","9":"first","10":"instock","11":"taxable","12":"shipping-taxable","13":"purchasable","14":"product-type-simple"},"_links":{"self":[{"href":"https:\/\/mlin.es\/tienda\/wp-json\/wp\/v2\/product\/142240","targetHints":{"allow":["GET"]}}],"collection":[{"href":"https:\/\/mlin.es\/tienda\/wp-json\/wp\/v2\/product"}],"about":[{"href":"https:\/\/mlin.es\/tienda\/wp-json\/wp\/v2\/types\/product"}],"replies":[{"embeddable":true,"href":"https:\/\/mlin.es\/tienda\/wp-json\/wp\/v2\/comments?post=142240"}],"wp:featuredmedia":[{"embeddable":true,"href":"https:\/\/mlin.es\/tienda\/wp-json\/wp\/v2\/media\/142241"}],"wp:attachment":[{"href":"https:\/\/mlin.es\/tienda\/wp-json\/wp\/v2\/media?parent=142240"}],"wp:term":[{"taxonomy":"product_cat","embeddable":true,"href":"https:\/\/mlin.es\/tienda\/wp-json\/wp\/v2\/product_cat?post=142240"},{"taxonomy":"product_tag","embeddable":true,"href":"https:\/\/mlin.es\/tienda\/wp-json\/wp\/v2\/product_tag?post=142240"}],"curies":[{"name":"wp","href":"https:\/\/api.w.org\/{rel}","templated":true}]}}