{"id":142214,"date":"2026-03-03T16:36:58","date_gmt":"2026-03-03T15:36:58","guid":{"rendered":"https:\/\/mlin.es\/tienda\/producto\/parachoques-delantero-para-opel-astra-f-fsk134\/"},"modified":"2026-03-03T16:36:59","modified_gmt":"2026-03-03T15:36:59","slug":"csr-fsk134","status":"publish","type":"product","link":"https:\/\/mlin.es\/tienda\/producto\/csr-fsk134\/","title":{"rendered":"CSR-FSK134"},"content":{"rendered":"<p><b>CSR-Automotive Frontsto\u00dfstange \/ Frontspoiler f\u00fcr Opel Astra F<\/b><UL><LI>Frontsto\u00dfstange passend f\u00fcr Opel Astra F Baujahr 1991-1998<LI>f\u00fcr Modell-\/Karosserievariante(n) Schr\u00e4gheck \/ Stufenheck \/ Kombi \/ Cabriolet<LI>Grill ist im Lieferumfang nicht enthalten. Es wird ein Audi A3 Single Frame Grill ben\u00f6tigt.<br \/><LI>Mit fahrzeugspezifischem Teilegutachten f\u00fcr eine Anbauabnahme nach \u00a719.3 StVZO<LI>Inkl. Streckgitter<\/LI><LI>Inkl. Montagezubeh\u00f6r, sofern notwendig<LI>Inklusive Montageanleitung<LI>Frontsto\u00dfstange ist aus dem innovativen und hochwertigen Material <b>Fiberflex<\/b> gefertigt. Die Vorteile dieses neuartigen Verbundwerkstoffes: Extrem hohe Flexibilit\u00e4t bei gleichzeitig gro\u00dfer Stabilit\u00e4t, Splitterfestigkeit, und Nichtentflammbarkeit. Eine sehr hohe Fertigungsqualit\u00e4t und das geringe Gewicht erlauben sogar einen Einsatz im Profirennsport. Die charakteristische schwarze Oberfl\u00e4che zeichnet sich durch gute Bearbeitungsm\u00f6glichkeiten aus und garantiert professionelle Ergebnisse. Produkte aus Fiberflex von CSR-Automotive eignen sich dank bester Schneid- und Klebeeigenschaften in hervorragender Weise f\u00fcr Reparatur- und weitere Umbauarbeiten.<LI>Gleichm\u00e4\u00dfige Oberfl\u00e4chenstruktur erm\u00f6glicht eine Lackierung ohne gro\u00dfe Vorarbeiten (Produkt ist unlackiert)<LI>Material ist flexibel<LI>Das Renngitter ist im Lieferumfang nicht enthalten.<LI>Ein Grill ist im Lieferumfang nicht enthalten<\/UL><\/p>\n","protected":false},"excerpt":{"rendered":"<p>Frontsch\u00fcrze \/ Spoiler mit fahrzeugspezifischem Teilegutachten<\/p>\n","protected":false},"featured_media":142215,"comment_status":"closed","ping_status":"open","template":"","meta":[],"product_cat":[],"product_tag":[12841],"class_list":{"0":"post-142214","1":"product","2":"type-product","3":"status-publish","4":"has-post-thumbnail","6":"product_tag-csr","7":"product_shipping_class-csr","9":"first","10":"instock","11":"taxable","12":"shipping-taxable","13":"purchasable","14":"product-type-simple"},"_links":{"self":[{"href":"https:\/\/mlin.es\/tienda\/wp-json\/wp\/v2\/product\/142214","targetHints":{"allow":["GET"]}}],"collection":[{"href":"https:\/\/mlin.es\/tienda\/wp-json\/wp\/v2\/product"}],"about":[{"href":"https:\/\/mlin.es\/tienda\/wp-json\/wp\/v2\/types\/product"}],"replies":[{"embeddable":true,"href":"https:\/\/mlin.es\/tienda\/wp-json\/wp\/v2\/comments?post=142214"}],"wp:featuredmedia":[{"embeddable":true,"href":"https:\/\/mlin.es\/tienda\/wp-json\/wp\/v2\/media\/142215"}],"wp:attachment":[{"href":"https:\/\/mlin.es\/tienda\/wp-json\/wp\/v2\/media?parent=142214"}],"wp:term":[{"taxonomy":"product_cat","embeddable":true,"href":"https:\/\/mlin.es\/tienda\/wp-json\/wp\/v2\/product_cat?post=142214"},{"taxonomy":"product_tag","embeddable":true,"href":"https:\/\/mlin.es\/tienda\/wp-json\/wp\/v2\/product_tag?post=142214"}],"curies":[{"name":"wp","href":"https:\/\/api.w.org\/{rel}","templated":true}]}}