{"id":142195,"date":"2026-03-03T16:36:17","date_gmt":"2026-03-03T15:36:17","guid":{"rendered":"https:\/\/mlin.es\/tienda\/producto\/parachoques-delantero-para-ford-escort-95-mk7-fsk142\/"},"modified":"2026-03-03T16:36:17","modified_gmt":"2026-03-03T15:36:17","slug":"csr-fsk142","status":"publish","type":"product","link":"https:\/\/mlin.es\/tienda\/producto\/csr-fsk142\/","title":{"rendered":"CSR-FSK142"},"content":{"rendered":"<p><b>CSR-Automotive Frontsto\u00dfstange \/ Frontspoiler f\u00fcr <br \/>Ford Escort &#8217;95 MK7 Facelift \/ Classic<\/b><UL><LI>Frontsto\u00dfstange passend f\u00fcr Escort &#8217;95 MK7 Facelift \/ Classic <br \/>Baujahr 1995-2000<LI>f\u00fcr Modell-\/Karosserievariante(n) Steilheck \/ Stufenheck \/ Kombi<LI>Grill ist im Lieferumfang nicht enthalten. Es wird ein Audi A3 Single Frame Grill ben\u00f6tigt.<LI>Frontstreben sind im Lieferumfang nicht enthalten. Diese k\u00f6nnen in den Lufteinlass eingebaut werden.<LI>Mit fahrzeugspezifischem Teilegutachten f\u00fcr eine Anbauabnahme nach \u00a719.3 StVZO<LI>Inkl. Streckgitter<\/LI><LI>Inkl. Montagezubeh\u00f6r, sofern notwendig<LI>Inklusive Montageanleitung<LI>Frontsto\u00dfstange ist aus hochwertigem Material GFK gefertigt<LI>Gleichm\u00e4\u00dfige Oberfl\u00e4chenstruktur erm\u00f6glicht eine Lackierung ohne gro\u00dfe Vorarbeiten (Produkt ist unlackiert)<LI>Material ist flexibel<\/UL><\/p>\n","protected":false},"excerpt":{"rendered":"<p>Frontsch\u00fcrze \/ Spoiler mit fahrzeugspezifischem Teilegutachten<\/p>\n","protected":false},"featured_media":142196,"comment_status":"closed","ping_status":"open","template":"","meta":[],"product_cat":[],"product_tag":[12841],"class_list":{"0":"post-142195","1":"product","2":"type-product","3":"status-publish","4":"has-post-thumbnail","6":"product_tag-csr","7":"product_shipping_class-csr","9":"first","10":"instock","11":"taxable","12":"shipping-taxable","13":"purchasable","14":"product-type-simple"},"_links":{"self":[{"href":"https:\/\/mlin.es\/tienda\/wp-json\/wp\/v2\/product\/142195","targetHints":{"allow":["GET"]}}],"collection":[{"href":"https:\/\/mlin.es\/tienda\/wp-json\/wp\/v2\/product"}],"about":[{"href":"https:\/\/mlin.es\/tienda\/wp-json\/wp\/v2\/types\/product"}],"replies":[{"embeddable":true,"href":"https:\/\/mlin.es\/tienda\/wp-json\/wp\/v2\/comments?post=142195"}],"wp:featuredmedia":[{"embeddable":true,"href":"https:\/\/mlin.es\/tienda\/wp-json\/wp\/v2\/media\/142196"}],"wp:attachment":[{"href":"https:\/\/mlin.es\/tienda\/wp-json\/wp\/v2\/media?parent=142195"}],"wp:term":[{"taxonomy":"product_cat","embeddable":true,"href":"https:\/\/mlin.es\/tienda\/wp-json\/wp\/v2\/product_cat?post=142195"},{"taxonomy":"product_tag","embeddable":true,"href":"https:\/\/mlin.es\/tienda\/wp-json\/wp\/v2\/product_tag?post=142195"}],"curies":[{"name":"wp","href":"https:\/\/api.w.org\/{rel}","templated":true}]}}