{"id":53137,"date":"2024-07-31T13:08:41","date_gmt":"2024-07-31T11:08:41","guid":{"rendered":"http:\/\/localhost\/wordpress\/?page_id=53137"},"modified":"2025-10-20T16:44:35","modified_gmt":"2025-10-20T14:44:35","slug":"politicas-de-envios","status":"publish","type":"page","link":"https:\/\/mlin.es\/tienda\/politicas-de-envios\/","title":{"rendered":"Pol\u00edticas de env\u00edos"},"content":{"rendered":"\t\t<div data-elementor-type=\"wp-page\" data-elementor-id=\"53137\" class=\"elementor elementor-53137\" data-elementor-post-type=\"page\">\n\t\t\t\t<div class=\"elementor-element elementor-element-db40886 e-flex e-con-boxed e-con e-parent\" data-id=\"db40886\" data-element_type=\"container\">\n\t\t\t\t\t<div class=\"e-con-inner\">\n\t\t\t\t<div class=\"elementor-element elementor-element-a06bcb8 elementor-widget elementor-widget-heading\" data-id=\"a06bcb8\" data-element_type=\"widget\" data-widget_type=\"heading.default\">\n\t\t\t\t<div class=\"elementor-widget-container\">\n\t\t\t<h1 class=\"elementor-heading-title elementor-size-default\">Pol\u00edticas de Env\u00edos<\/h1>\t\t<\/div>\n\t\t\t\t<\/div>\n\t\t\t\t<div class=\"elementor-element elementor-element-7079286 elementor-widget elementor-widget-text-editor\" data-id=\"7079286\" data-element_type=\"widget\" data-widget_type=\"text-editor.default\">\n\t\t\t\t<div class=\"elementor-widget-container\">\n\t\t\t\t\t\t\t<h2 data-start=\"142\" data-end=\"172\">Env\u00edos y tiempos de entrega<\/h2><p data-start=\"174\" data-end=\"505\">En <strong data-start=\"177\" data-end=\"185\">Mlin<\/strong>, sabemos que quieres tus piezas lo antes posible. Los tiempos de env\u00edo dependen directamente de los proveedores de los kits. A continuaci\u00f3n, te detallamos los tiempos de env\u00edo espec\u00edficos para cada proveedor. Recuerda que los tiempos de entrega pueden variar seg\u00fan la disponibilidad, el tipo de producto y tu ubicaci\u00f3n.<\/p><h2 data-start=\"507\" data-end=\"541\">Merchandising Exclusivo de Mlin<\/h2><p data-start=\"543\" data-end=\"926\">Para el merchandising exclusivo de Mlin, nos encargamos personalmente del env\u00edo.<br data-start=\"623\" data-end=\"626\" \/><strong data-start=\"626\" data-end=\"649\">Tiempos de entrega:<\/strong><br data-start=\"649\" data-end=\"652\" \/>Env\u00edos nacionales: <strong data-start=\"671\" data-end=\"691\">3-5 d\u00edas h\u00e1biles<\/strong><br data-start=\"691\" data-end=\"694\" \/>Env\u00edos internacionales: <strong data-start=\"718\" data-end=\"739\">7-15 d\u00edas h\u00e1biles<\/strong><br data-start=\"739\" data-end=\"742\" \/><strong data-start=\"742\" data-end=\"753\">Costes:<\/strong><br data-start=\"753\" data-end=\"756\" \/>Espa\u00f1a (excluido islas) hasta 1 kg \u2013 correo est\u00e1ndar (sin seguimiento): <strong data-start=\"828\" data-end=\"838\">3,00 \u20ac<\/strong><br data-start=\"838\" data-end=\"841\" \/>Espa\u00f1a (excluido islas) hasta 1 kg \u2013 correo certificado (con seguimiento): <strong data-start=\"916\" data-end=\"926\">5,00 \u20ac<\/strong><\/p><h2 data-start=\"928\" data-end=\"944\">Maxton Design<\/h2><p data-start=\"946\" data-end=\"1039\"><strong data-start=\"946\" data-end=\"966\">Tiempo de env\u00edo:<\/strong> Aproximadamente <strong data-start=\"983\" data-end=\"1002\">50 d\u00edas h\u00e1biles<\/strong><br data-start=\"1002\" data-end=\"1005\" \/><strong data-start=\"1005\" data-end=\"1034\">Coste de env\u00edo por pieza:<\/strong> 20 \u20ac<\/p><h2 data-start=\"1041\" data-end=\"1054\">Eurolineas<\/h2><p data-start=\"1056\" data-end=\"1215\"><strong data-start=\"1056\" data-end=\"1090\">Env\u00edos nacionales (Pen\u00ednsula):<\/strong> 3-5 d\u00edas h\u00e1biles \u2014 coste por pieza: <strong data-start=\"1127\" data-end=\"1135\">20 \u20ac<\/strong><br data-start=\"1135\" data-end=\"1138\" \/><strong data-start=\"1138\" data-end=\"1168\">Env\u00edos fuera de Pen\u00ednsula:<\/strong> 10-12 d\u00edas h\u00e1biles \u2014 coste por pieza: <strong data-start=\"1207\" data-end=\"1215\">20 \u20ac<\/strong><\/p><h2 data-start=\"1217\" data-end=\"1228\">CarParts<\/h2><p data-start=\"1230\" data-end=\"1450\">El precio del env\u00edo es <strong data-start=\"1253\" data-end=\"1265\">variable<\/strong>, por lo tanto no se puede proporcionar un costo exacto para cada pedido.<br data-start=\"1338\" data-end=\"1341\" \/>Al realizar un pedido, ser\u00e1 necesario <strong data-start=\"1379\" data-end=\"1401\">contactar con Mlin<\/strong> para gestionar el pago correspondiente al env\u00edo.<\/p><h2 data-start=\"1452\" data-end=\"1478\">Japan Racing \/ Concaver<\/h2><p data-start=\"1480\" data-end=\"1575\">El precio de env\u00edo puede variar seg\u00fan el destino.<br data-start=\"1529\" data-end=\"1532\" \/><strong data-start=\"1532\" data-end=\"1548\">Precio base:<\/strong> 25 \u20ac por unidad de llanta.<\/p><h2 data-start=\"1577\" data-end=\"1594\">CSR Automotive<\/h2><p data-start=\"1596\" data-end=\"1883\">Los env\u00edos de CSR se calculan seg\u00fan <strong data-start=\"1632\" data-end=\"1669\">cinco categor\u00edas de tama\u00f1o y peso<\/strong> del producto, por lo que el coste final depende del tipo de pieza y del pa\u00eds de destino. Los precios incluyen <strong data-start=\"1780\" data-end=\"1804\">impuestos y embalaje<\/strong>.<br data-start=\"1805\" data-end=\"1808\" \/>Para <strong data-start=\"1813\" data-end=\"1835\">Espa\u00f1a (Pen\u00ednsula)<\/strong>, los costes de env\u00edo aproximados oscilan entre:<\/p><div class=\"_tableContainer_1rjym_1\"><div class=\"group _tableWrapper_1rjym_13 flex w-fit flex-col-reverse\" tabindex=\"-1\"><table class=\"w-fit min-w-(--thread-content-width)\" data-start=\"1885\" data-end=\"2212\"><thead data-start=\"1885\" data-end=\"1936\"><tr data-start=\"1885\" data-end=\"1936\"><th data-start=\"1885\" data-end=\"1897\" data-col-size=\"sm\">Categor\u00eda<\/th><th data-start=\"1897\" data-end=\"1916\" data-col-size=\"sm\">Tipo de producto<\/th><th data-start=\"1916\" data-end=\"1936\" data-col-size=\"sm\">Coste aproximado<\/th><\/tr><\/thead><tbody data-start=\"1990\" data-end=\"2212\"><tr data-start=\"1990\" data-end=\"2034\"><td data-start=\"1990\" data-end=\"1994\" data-col-size=\"sm\">1<\/td><td data-col-size=\"sm\" data-start=\"1994\" data-end=\"2022\">Bodykits y sets completos<\/td><td data-col-size=\"sm\" data-start=\"2022\" data-end=\"2034\">280,00 \u20ac<\/td><\/tr><tr data-start=\"2035\" data-end=\"2073\"><td data-start=\"2035\" data-end=\"2039\" data-col-size=\"sm\">2<\/td><td data-col-size=\"sm\" data-start=\"2039\" data-end=\"2061\">Parachoques y cap\u00f3s<\/td><td data-col-size=\"sm\" data-start=\"2061\" data-end=\"2073\">160,00 \u20ac<\/td><\/tr><tr data-start=\"2074\" data-end=\"2117\"><td data-start=\"2074\" data-end=\"2078\" data-col-size=\"sm\">3<\/td><td data-col-size=\"sm\" data-start=\"2078\" data-end=\"2106\">Faldones laterales y lips<\/td><td data-col-size=\"sm\" data-start=\"2106\" data-end=\"2117\">80,00 \u20ac<\/td><\/tr><tr data-start=\"2118\" data-end=\"2167\"><td data-start=\"2118\" data-end=\"2122\" data-col-size=\"sm\">4<\/td><td data-col-size=\"sm\" data-start=\"2122\" data-end=\"2156\">Alerones, escapes y extensiones<\/td><td data-col-size=\"sm\" data-start=\"2156\" data-end=\"2167\">40,00 \u20ac<\/td><\/tr><tr data-start=\"2168\" data-end=\"2212\"><td data-start=\"2168\" data-end=\"2172\" data-col-size=\"sm\">5<\/td><td data-col-size=\"sm\" data-start=\"2172\" data-end=\"2201\">Accesorios y tapas ligeras<\/td><td data-col-size=\"sm\" data-start=\"2201\" data-end=\"2212\">25,00 \u20ac<\/td><\/tr><\/tbody><\/table><\/div><\/div><p data-start=\"2214\" data-end=\"2492\" data-is-last-node=\"\" data-is-only-node=\"\"><strong data-start=\"2214\" data-end=\"2234\">Tiempo de env\u00edo:<\/strong> variable, normalmente entre <strong data-start=\"2263\" data-end=\"2294\">10 d\u00edas h\u00e1biles y 5 semanas<\/strong>, dependiendo del producto y la disponibilidad.<br data-start=\"2341\" data-end=\"2344\" \/><strong data-start=\"2344\" data-end=\"2359\">Importante:<\/strong> los pedidos fuera de la Uni\u00f3n Europea pueden estar sujetos a <strong data-start=\"2421\" data-end=\"2452\">tasas aduaneras adicionales<\/strong>, las cuales corren a cargo del cliente.<\/p>\t\t\t\t\t\t<\/div>\n\t\t\t\t<\/div>\n\t\t\t\t\t<\/div>\n\t\t\t\t<\/div>\n\t\t\t\t<\/div>\n\t\t","protected":false},"excerpt":{"rendered":"<p>Pol\u00edticas de Env\u00edos Env\u00edos y tiempos de entrega En Mlin, sabemos que quieres tus piezas lo antes posible. Los tiempos de env\u00edo dependen directamente de los proveedores de los kits. A continuaci\u00f3n, te detallamos los tiempos de env\u00edo espec\u00edficos para cada proveedor. Recuerda que los tiempos de entrega pueden variar seg\u00fan la disponibilidad, el tipo [&hellip;]<\/p>\n","protected":false},"author":1,"featured_media":0,"parent":0,"menu_order":0,"comment_status":"closed","ping_status":"closed","template":"","meta":{"footnotes":""},"class_list":["post-53137","page","type-page","status-publish","hentry"],"_links":{"self":[{"href":"https:\/\/mlin.es\/tienda\/wp-json\/wp\/v2\/pages\/53137","targetHints":{"allow":["GET"]}}],"collection":[{"href":"https:\/\/mlin.es\/tienda\/wp-json\/wp\/v2\/pages"}],"about":[{"href":"https:\/\/mlin.es\/tienda\/wp-json\/wp\/v2\/types\/page"}],"author":[{"embeddable":true,"href":"https:\/\/mlin.es\/tienda\/wp-json\/wp\/v2\/users\/1"}],"replies":[{"embeddable":true,"href":"https:\/\/mlin.es\/tienda\/wp-json\/wp\/v2\/comments?post=53137"}],"version-history":[{"count":9,"href":"https:\/\/mlin.es\/tienda\/wp-json\/wp\/v2\/pages\/53137\/revisions"}],"predecessor-version":[{"id":237340,"href":"https:\/\/mlin.es\/tienda\/wp-json\/wp\/v2\/pages\/53137\/revisions\/237340"}],"wp:attachment":[{"href":"https:\/\/mlin.es\/tienda\/wp-json\/wp\/v2\/media?parent=53137"}],"curies":[{"name":"wp","href":"https:\/\/api.w.org\/{rel}","templated":true}]}}